{"id":3104,"date":"2022-04-07T11:28:01","date_gmt":"2022-04-07T09:28:01","guid":{"rendered":"https:\/\/www.iik-bayreuth.de\/imprint\/"},"modified":"2024-07-25T10:28:43","modified_gmt":"2024-07-25T08:28:43","slug":"imprint","status":"publish","type":"page","link":"https:\/\/www.iik-bayreuth.de\/en\/imprint\/","title":{"rendered":"imprint"},"content":{"rendered":"\n<p><strong>operators of these pages<\/strong><\/p>\n\n<p>Institut f\u00fcr Internationale Kommunikation und Ausw\u00e4rtige Kulturarbeit e.V. (IIK Bayreuth e.V.)<\/p>\n\n<p>Rosestra\u00dfe 20<\/p>\n\n<p>95448 Bayreuth<\/p>\n\n<p>Phone: 0921 &#8211; 79 31 95 21<\/p>\n\n<p><br\/>E-Mail: <a href=\"mailto:info@iik-bayreuth.de\">info@iik-bayreuth.de<\/a><\/p>\n\n<p><\/p>\n\n<p><strong>Realization<\/strong><\/p>\n\n<p><a href=\"https:\/\/www.sags-online.de\">Werbeagentur SAGS-Online Bayreuth<\/a><\/p>\n\n<p><\/p>\n\n<p><strong>Bankverbindung IIK Bayreuth e.V.:<\/strong><\/p>\n\n<p>Sparkasse Bayreuth<\/p>\n\n<p>BLZ 773 501 10, Kto 9009002<\/p>\n\n<p>BIC BYLADEM1SBT<\/p>\n\n<p>IBAN DE51 7735 0110 0009 0090 02<\/p>\n\n<p><\/p>\n\n<p><strong>technical requirements<\/strong><\/p>\n\n<p>The pages are optimized for display in current web browsers.<br\/>JavaScript and cookies (please activate in your browser) are required for some functions.<\/p>\n\n<p><strong>Data protection \/ Federal Data Protection Act \/ European data protection law<\/strong><\/p>\n\n<p><a href=\"https:\/\/www.iik-bayreuth.de\/resources\/ecics_866.pdf\" target=\"_blank\" rel=\"noreferrer noopener\">Data protection<\/a><\/p>\n","protected":false},"excerpt":{"rendered":"<p>operators of these pages Institut f\u00fcr Internationale Kommunikation und Ausw\u00e4rtige Kulturarbeit e.V. (IIK Bayreuth e.V.) Rosestra\u00dfe 20 95448 Bayreuth Phone: 0921 &#8211; 79 31 95 21 E-Mail: info@iik-bayreuth.de Realization Werbeagentur SAGS-Online Bayreuth Bankverbindung IIK Bayreuth e.V.: Sparkasse Bayreuth BLZ 773 501 10, Kto 9009002 BIC BYLADEM1SBT IBAN DE51 7735 0110 0009 0090 02 technical requirements [&hellip;]<\/p>\n","protected":false},"author":1,"featured_media":0,"parent":0,"menu_order":0,"comment_status":"closed","ping_status":"closed","template":"","meta":{"footnotes":""},"acf":[],"yoast_head":"<!-- This site is optimized with the Yoast SEO plugin v22.1 - https:\/\/yoast.com\/wordpress\/plugins\/seo\/ -->\n<title>imprint - IIK Bayreuth<\/title>\n<meta name=\"robots\" content=\"index, follow, max-snippet:-1, max-image-preview:large, max-video-preview:-1\" \/>\n<link rel=\"canonical\" href=\"https:\/\/www.iik-bayreuth.de\/en\/imprint\/\" \/>\n<meta property=\"og:locale\" content=\"en_US\" \/>\n<meta property=\"og:type\" content=\"article\" \/>\n<meta property=\"og:title\" content=\"imprint - IIK Bayreuth\" \/>\n<meta property=\"og:description\" content=\"operators of these pages Institut f\u00fcr Internationale Kommunikation und Ausw\u00e4rtige Kulturarbeit e.V. (IIK Bayreuth e.V.) Rosestra\u00dfe 20 95448 Bayreuth Phone: 0921 &#8211; 79 31 95 21 E-Mail: info@iik-bayreuth.de Realization Werbeagentur SAGS-Online Bayreuth Bankverbindung IIK Bayreuth e.V.: Sparkasse Bayreuth BLZ 773 501 10, Kto 9009002 BIC BYLADEM1SBT IBAN DE51 7735 0110 0009 0090 02 technical requirements [&hellip;]\" \/>\n<meta property=\"og:url\" content=\"https:\/\/www.iik-bayreuth.de\/en\/imprint\/\" \/>\n<meta property=\"og:site_name\" content=\"IIK Bayreuth\" \/>\n<meta property=\"article:modified_time\" content=\"2024-07-25T08:28:43+00:00\" \/>\n<meta name=\"twitter:card\" content=\"summary_large_image\" \/>\n<script type=\"application\/ld+json\" class=\"yoast-schema-graph\">{\"@context\":\"https:\/\/schema.org\",\"@graph\":[{\"@type\":\"WebPage\",\"@id\":\"https:\/\/www.iik-bayreuth.de\/en\/imprint\/\",\"url\":\"https:\/\/www.iik-bayreuth.de\/en\/imprint\/\",\"name\":\"imprint - IIK Bayreuth\",\"isPartOf\":{\"@id\":\"https:\/\/www.iik-bayreuth.de\/en\/#website\"},\"datePublished\":\"2022-04-07T09:28:01+00:00\",\"dateModified\":\"2024-07-25T08:28:43+00:00\",\"breadcrumb\":{\"@id\":\"https:\/\/www.iik-bayreuth.de\/en\/imprint\/#breadcrumb\"},\"inLanguage\":\"en-US\",\"potentialAction\":[{\"@type\":\"ReadAction\",\"target\":[\"https:\/\/www.iik-bayreuth.de\/en\/imprint\/\"]}]},{\"@type\":\"BreadcrumbList\",\"@id\":\"https:\/\/www.iik-bayreuth.de\/en\/imprint\/#breadcrumb\",\"itemListElement\":[{\"@type\":\"ListItem\",\"position\":1,\"name\":\"Startseite\",\"item\":\"https:\/\/www.iik-bayreuth.de\/en\/home\/\"},{\"@type\":\"ListItem\",\"position\":2,\"name\":\"imprint\"}]},{\"@type\":\"WebSite\",\"@id\":\"https:\/\/www.iik-bayreuth.de\/en\/#website\",\"url\":\"https:\/\/www.iik-bayreuth.de\/en\/\",\"name\":\"IIK Bayreuth\",\"description\":\"Institut f\u00fcr Internationale Kommunikation und Ausw\u00e4rtige Kulturarbeit  e.V.\",\"publisher\":{\"@id\":\"https:\/\/www.iik-bayreuth.de\/en\/#organization\"},\"potentialAction\":[{\"@type\":\"SearchAction\",\"target\":{\"@type\":\"EntryPoint\",\"urlTemplate\":\"https:\/\/www.iik-bayreuth.de\/en\/?s={search_term_string}\"},\"query-input\":\"required name=search_term_string\"}],\"inLanguage\":\"en-US\"},{\"@type\":\"Organization\",\"@id\":\"https:\/\/www.iik-bayreuth.de\/en\/#organization\",\"name\":\"IIK Bayreuth\",\"url\":\"https:\/\/www.iik-bayreuth.de\/en\/\",\"logo\":{\"@type\":\"ImageObject\",\"inLanguage\":\"en-US\",\"@id\":\"https:\/\/www.iik-bayreuth.de\/en\/#\/schema\/logo\/image\/\",\"url\":\"https:\/\/www.iik-bayreuth.de\/wp-content\/uploads\/2021\/12\/iik-logo.jpg\",\"contentUrl\":\"https:\/\/www.iik-bayreuth.de\/wp-content\/uploads\/2021\/12\/iik-logo.jpg\",\"width\":175,\"height\":175,\"caption\":\"IIK Bayreuth\"},\"image\":{\"@id\":\"https:\/\/www.iik-bayreuth.de\/en\/#\/schema\/logo\/image\/\"}}]}<\/script>\n<!-- \/ Yoast SEO plugin. -->","yoast_head_json":{"title":"imprint - IIK Bayreuth","robots":{"index":"index","follow":"follow","max-snippet":"max-snippet:-1","max-image-preview":"max-image-preview:large","max-video-preview":"max-video-preview:-1"},"canonical":"https:\/\/www.iik-bayreuth.de\/en\/imprint\/","og_locale":"en_US","og_type":"article","og_title":"imprint - IIK Bayreuth","og_description":"operators of these pages Institut f\u00fcr Internationale Kommunikation und Ausw\u00e4rtige Kulturarbeit e.V. (IIK Bayreuth e.V.) Rosestra\u00dfe 20 95448 Bayreuth Phone: 0921 &#8211; 79 31 95 21 E-Mail: info@iik-bayreuth.de Realization Werbeagentur SAGS-Online Bayreuth Bankverbindung IIK Bayreuth e.V.: Sparkasse Bayreuth BLZ 773 501 10, Kto 9009002 BIC BYLADEM1SBT IBAN DE51 7735 0110 0009 0090 02 technical requirements [&hellip;]","og_url":"https:\/\/www.iik-bayreuth.de\/en\/imprint\/","og_site_name":"IIK Bayreuth","article_modified_time":"2024-07-25T08:28:43+00:00","twitter_card":"summary_large_image","schema":{"@context":"https:\/\/schema.org","@graph":[{"@type":"WebPage","@id":"https:\/\/www.iik-bayreuth.de\/en\/imprint\/","url":"https:\/\/www.iik-bayreuth.de\/en\/imprint\/","name":"imprint - IIK Bayreuth","isPartOf":{"@id":"https:\/\/www.iik-bayreuth.de\/en\/#website"},"datePublished":"2022-04-07T09:28:01+00:00","dateModified":"2024-07-25T08:28:43+00:00","breadcrumb":{"@id":"https:\/\/www.iik-bayreuth.de\/en\/imprint\/#breadcrumb"},"inLanguage":"en-US","potentialAction":[{"@type":"ReadAction","target":["https:\/\/www.iik-bayreuth.de\/en\/imprint\/"]}]},{"@type":"BreadcrumbList","@id":"https:\/\/www.iik-bayreuth.de\/en\/imprint\/#breadcrumb","itemListElement":[{"@type":"ListItem","position":1,"name":"Startseite","item":"https:\/\/www.iik-bayreuth.de\/en\/home\/"},{"@type":"ListItem","position":2,"name":"imprint"}]},{"@type":"WebSite","@id":"https:\/\/www.iik-bayreuth.de\/en\/#website","url":"https:\/\/www.iik-bayreuth.de\/en\/","name":"IIK Bayreuth","description":"Institut f\u00fcr Internationale Kommunikation und Ausw\u00e4rtige Kulturarbeit  e.V.","publisher":{"@id":"https:\/\/www.iik-bayreuth.de\/en\/#organization"},"potentialAction":[{"@type":"SearchAction","target":{"@type":"EntryPoint","urlTemplate":"https:\/\/www.iik-bayreuth.de\/en\/?s={search_term_string}"},"query-input":"required name=search_term_string"}],"inLanguage":"en-US"},{"@type":"Organization","@id":"https:\/\/www.iik-bayreuth.de\/en\/#organization","name":"IIK Bayreuth","url":"https:\/\/www.iik-bayreuth.de\/en\/","logo":{"@type":"ImageObject","inLanguage":"en-US","@id":"https:\/\/www.iik-bayreuth.de\/en\/#\/schema\/logo\/image\/","url":"https:\/\/www.iik-bayreuth.de\/wp-content\/uploads\/2021\/12\/iik-logo.jpg","contentUrl":"https:\/\/www.iik-bayreuth.de\/wp-content\/uploads\/2021\/12\/iik-logo.jpg","width":175,"height":175,"caption":"IIK Bayreuth"},"image":{"@id":"https:\/\/www.iik-bayreuth.de\/en\/#\/schema\/logo\/image\/"}}]}},"_links":{"self":[{"href":"https:\/\/www.iik-bayreuth.de\/en\/wp-json\/wp\/v2\/pages\/3104"}],"collection":[{"href":"https:\/\/www.iik-bayreuth.de\/en\/wp-json\/wp\/v2\/pages"}],"about":[{"href":"https:\/\/www.iik-bayreuth.de\/en\/wp-json\/wp\/v2\/types\/page"}],"author":[{"embeddable":true,"href":"https:\/\/www.iik-bayreuth.de\/en\/wp-json\/wp\/v2\/users\/1"}],"replies":[{"embeddable":true,"href":"https:\/\/www.iik-bayreuth.de\/en\/wp-json\/wp\/v2\/comments?post=3104"}],"version-history":[{"count":2,"href":"https:\/\/www.iik-bayreuth.de\/en\/wp-json\/wp\/v2\/pages\/3104\/revisions"}],"predecessor-version":[{"id":5887,"href":"https:\/\/www.iik-bayreuth.de\/en\/wp-json\/wp\/v2\/pages\/3104\/revisions\/5887"}],"wp:attachment":[{"href":"https:\/\/www.iik-bayreuth.de\/en\/wp-json\/wp\/v2\/media?parent=3104"}],"curies":[{"name":"wp","href":"https:\/\/api.w.org\/{rel}","templated":true}]}}